{"id":1029,"date":"2021-07-13T05:31:27","date_gmt":"2021-07-13T05:31:27","guid":{"rendered":"http:\/\/sw-themes.com\/porto_dummy\/?page_id=1029"},"modified":"2023-01-21T01:06:38","modified_gmt":"2023-01-21T00:06:38","slug":"kontakt","status":"publish","type":"page","link":"https:\/\/alt.bmt-becker.de\/?page_id=1029","title":{"rendered":"Kontakt"},"content":{"rendered":"\t\t<div data-elementor-type=\"wp-page\" data-elementor-id=\"1029\" class=\"elementor elementor-1029\">\n\t\t\t\t\t\t<div class=\"porto-full-no-gap elementor-section elementor-top-section elementor-element elementor-element-6d3ce8e elementor-section-full_width elementor-section-height-default elementor-section-height-default\" data-id=\"6d3ce8e\" data-element_type=\"section\" data-e-type=\"section\">\r\n\t\t\r\n\t\t\t\t\t\t\t<div class=\"elementor-container elementor-column-gap-no\">\r\n\t\t\t\t\t\t\t\t\t\t\t<div class=\"elementor-column elementor-col-100 elementor-top-column elementor-element elementor-element-28f8e02\" data-id=\"28f8e02\" data-element_type=\"column\" data-e-type=\"column\">\r\n\t\t\t\t\t<div class=\"elementor-widget-wrap elementor-element-populated\">\r\n\t\t\t\t\t\t\t\t<div class=\"elementor-element elementor-element-39f6c8f elementor-widget elementor-widget-porto_google_map\" data-id=\"39f6c8f\" data-element_type=\"widget\" data-e-type=\"widget\" data-widget_type=\"porto_google_map.default\">\n\t\t\t\t<div class=\"elementor-widget-container\">\n\t\t\t\t\t<div id='wrap_map_69e231d0cdf68' class='porto-map-wrapper  ' style='height:500px;'><div id='map_69e231d0cdf68' data-map_override='0' class='porto_google_map page_margin_top' style='width:100%;height:500px;'><\/div><\/div><script>\r\n( function() {\r\n\tvar porto_init_map = function() {\r\n\t\t( function( $ ) {\r\n\t\t\t'use strict';\r\n\t\t\tif (typeof google == 'undefined') {\r\n\t\t\t\treturn;\r\n\t\t\t}\r\n\t\t\tvar map_map_69e231d0cdf68 = null;\r\n\t\t\tvar coordinate_map_69e231d0cdf68;\r\n\t\t\ttry {\r\n\t\t\t\tcoordinate_map_69e231d0cdf68=new google.maps.LatLng(51.53986, 9.20168);\r\n\t\t\t\tvar isDraggable = $(document).width() > 640 ? true : false;\r\n\t\t\t\tvar mapOptions = {\r\n\t\t\t\t\tzoom: 12,\r\n\t\t\t\t\tcenter: coordinate_map_69e231d0cdf68,\r\n\t\t\t\t\tscaleControl: true,\r\n\t\t\t\t\tstreetViewControl: false,\r\n\t\t\t\t\tmapTypeControl: false,\r\n\t\t\t\t\tpanControl: false,\r\n\t\t\t\t\tzoomControl: false,\r\n\t\t\t\t\tscrollwheel: true,\r\n\t\t\t\t\tdraggable: isDraggable,\r\n\t\t\t\t\tzoomControlOptions: {\r\n\t\t\t\t\t\tposition: google.maps.ControlPosition.RIGHT_BOTTOM\r\n\t\t\t\t\t},mapTypeId: google.maps.MapTypeId.ROADMAP,};var map_map_69e231d0cdf68 = new google.maps.Map(document.getElementById('map_69e231d0cdf68'),mapOptions);\r\n\t\t\t\t\t\tvar x = 'on';\r\n\t\t\t\t\t\tvar marker_map_69e231d0cdf68 = new google.maps.Marker({\r\n\t\t\t\t\t\tposition: new google.maps.LatLng(51.53986, 9.20168),\r\n\t\t\t\t\t\tanimation:  google.maps.Animation.DROP,\r\n\t\t\t\t\t\tmap: map_map_69e231d0cdf68,\r\n\t\t\t\t\t\ticon: ''\r\n\t\t\t\t\t});\r\n\t\t\t\t\tgoogle.maps.event.addListener(marker_map_69e231d0cdf68, 'click', toggleBounce);}\r\n\t\t\tcatch(e){};\r\n\t\t\tgoogle.maps.event.trigger(map_map_69e231d0cdf68, 'resize');\r\n\t\t\t$(window).on('resize', function(){\r\n\t\t\t\tgoogle.maps.event.trigger(map_map_69e231d0cdf68, 'resize');\r\n\t\t\t\tif(map_map_69e231d0cdf68!=null) {\r\n\t\t\t\t\tmap_map_69e231d0cdf68.setCenter(coordinate_map_69e231d0cdf68);\r\n\t\t\t\t}\r\n\t\t\t});\r\n\t\t\t$('.ui-tabs').on('tabsactivate', function(event, ui) {\r\n\t\t\t   if($(this).find('.porto-map-wrapper').length > 0)\r\n\t\t\t\t{\r\n\t\t\t\t\tsetTimeout(function(){\r\n\t\t\t\t\t\t$(window).trigger('resize');\r\n\t\t\t\t\t},200);\r\n\t\t\t\t}\r\n\t\t\t});\r\n\t\t\t$('.ui-accordion').on('accordionactivate', function(event, ui) {\r\n\t\t\t\tif($(this).find('.porto-map-wrapper').length > 0) {\r\n\t\t\t\t\tsetTimeout(function(){\r\n\t\t\t\t\t\t$(window).trigger('resize');\r\n\t\t\t\t\t},200);\r\n\t\t\t\t}\r\n\t\t\t});\r\n\t\t\t$(document).on('onPortoModalPopupOpen', function(){\r\n\t\t\t\tif($(map_map_69e231d0cdf68).parents('.porto_modal-content')) {\r\n\t\t\t\t\tsetTimeout(function(){\r\n\t\t\t\t\t\t$(window).trigger('resize');\r\n\t\t\t\t\t},200);\r\n\t\t\t\t}\r\n\t\t\t});\r\n\t\t\tfunction toggleBounce() {\r\n\t\t\t\tif (marker_map_69e231d0cdf68.getAnimation() != null) {\r\n\t\t\t\t\tmarker_map_69e231d0cdf68.setAnimation(null);\r\n\t\t\t\t} else {\r\n\t\t\t\t\tmarker_map_69e231d0cdf68.setAnimation(google.maps.Animation.BOUNCE);\r\n\t\t\t\t}\r\n\t\t\t}\r\n\t\t} )( window.jQuery );\r\n\t};\r\n\r\n\tif ( window.jQuery ) {\r\n\t\tjQuery( document ).ready(function() {\r\n\t\t\tporto_init_map();\r\n\t\t} );\r\n\t} else {\r\n\t\tdocument.addEventListener( 'DOMContentLoaded', porto_init_map );\r\n\t}\r\n\r\n\twindow.addEventListener( 'load', function() {\r\n\t\tsetTimeout( function() {\r\n\t\t\tjQuery( window ).trigger( 'resize' );\r\n\t\t}, 200 );\r\n\t} );\r\n} )();\r\n<\/script>\t\t\t\t<\/div>\n\t\t\t\t<\/div>\n\t\t\t\t\t<\/div>\r\n\t\t\t\t<\/div>\r\n\t\t\t\t\t<\/div>\r\n\t\t\t\t<\/div>\r\n\t\t\t\t<section class=\"elementor-section elementor-top-section elementor-element elementor-element-b3d18ab py-4 elementor-section-boxed elementor-section-height-default elementor-section-height-default\" data-id=\"b3d18ab\" data-element_type=\"section\" data-e-type=\"section\">\r\n\t\t\r\n\t\t\t\t\t\t\t<div class=\"elementor-container elementor-column-gap-default\">\r\n\t\t\t\t\t\t\t\t\t\t\t<div class=\"elementor-column elementor-col-50 elementor-top-column elementor-element elementor-element-1cab3af\" data-id=\"1cab3af\" data-element_type=\"column\" data-e-type=\"column\">\r\n\t\t\t\t\t<div class=\"elementor-widget-wrap elementor-element-populated\">\r\n\t\t\t\t\t\t\t\t<div class=\"elementor-element elementor-element-64048b9 elementor-widget elementor-widget-porto_ultimate_heading\" data-id=\"64048b9\" data-element_type=\"widget\" data-e-type=\"widget\" data-widget_type=\"porto_ultimate_heading.default\">\n\t\t\t\t<div class=\"elementor-widget-container\">\n\t\t\t\t\t<div class=\"porto-u-heading  porto-u-7cde7bb859728a21207628191890e260\"><div class=\"porto-u-main-heading\"><h2   >Kontakt<\/h2><\/div><div class=\"porto-u-sub-heading\" style=\"\"><p>Wenn Sie weitere Fragen haben, z\u00f6gern Sie nicht uns zu kontaktieren.<\/p><\/div><style>.porto-u-7cde7bb859728a21207628191890e260.porto-u-heading{text-align:left}<\/style><\/div>\t\t\t\t<\/div>\n\t\t\t\t<\/div>\n\t\t\t\t<div class=\"elementor-element elementor-element-be22e98 elementor-widget elementor-widget-shortcode\" data-id=\"be22e98\" data-element_type=\"widget\" data-e-type=\"widget\" data-widget_type=\"shortcode.default\">\n\t\t\t\t<div class=\"elementor-widget-container\">\n\t\t\t\t\t\t\t<div class=\"elementor-shortcode\">\n<div class=\"wpcf7 no-js\" id=\"wpcf7-f1035-o1\" lang=\"en-US\" dir=\"ltr\" data-wpcf7-id=\"1035\">\n<div class=\"screen-reader-response\"><p role=\"status\" aria-live=\"polite\" aria-atomic=\"true\"><\/p> <ul><\/ul><\/div>\n<form action=\"\/index.php?rest_route=%2Fwp%2Fv2%2Fpages%2F1029#wpcf7-f1035-o1\" method=\"post\" class=\"wpcf7-form init\" aria-label=\"Contact form\" novalidate=\"novalidate\" data-status=\"init\">\n<fieldset class=\"hidden-fields-container\"><input type=\"hidden\" name=\"_wpcf7\" value=\"1035\" \/><input type=\"hidden\" name=\"_wpcf7_version\" value=\"6.1.5\" \/><input type=\"hidden\" name=\"_wpcf7_locale\" value=\"en_US\" \/><input type=\"hidden\" name=\"_wpcf7_unit_tag\" value=\"wpcf7-f1035-o1\" \/><input type=\"hidden\" name=\"_wpcf7_container_post\" value=\"0\" \/><input type=\"hidden\" name=\"_wpcf7_posted_data_hash\" value=\"\" \/>\n<\/fieldset>\n<div class=\"row form-contact\">\n    <div class=\"col-lg-6\">\n        <div class=\"form-group\">\n            <label for=\"contact-name\" class=\"mb-1 font-size-sm\">Name<\/label>\n            <span class=\"wpcf7-form-control-wrap\" data-name=\"your-name\"><input size=\"40\" maxlength=\"400\" class=\"wpcf7-form-control wpcf7-text wpcf7-validates-as-required form-control\" id=\"contact-name\" aria-required=\"true\" aria-invalid=\"false\" value=\"\" type=\"text\" name=\"your-name\" \/><\/span>\n        <\/div><\/div>\n    <div class=\"col-lg-6\">\n        <div class=\"form-group\">\n            <label for=\"contact-email\" class=\"mb-1 font-size-sm\">EMail Addresse<\/label>\n            <span class=\"wpcf7-form-control-wrap\" data-name=\"your-email\"><input size=\"40\" maxlength=\"400\" class=\"wpcf7-form-control wpcf7-email wpcf7-validates-as-required wpcf7-text wpcf7-validates-as-email form-control\" id=\"contact-email\" aria-required=\"true\" aria-invalid=\"false\" value=\"\" type=\"email\" name=\"your-email\" \/><\/span>\n        <\/div><\/div>\n    <div class=\"col-lg-12\">\n        <div class=\"form-group\">\n            <label for=\"contact-subject\" class=\"mb-1 font-size-sm\">Betreff<\/label>\n            <span class=\"wpcf7-form-control-wrap\" data-name=\"your-subject\"><input size=\"40\" maxlength=\"400\" class=\"wpcf7-form-control wpcf7-text form-control\" id=\"contact-subject\" aria-invalid=\"false\" value=\"\" type=\"text\" name=\"your-subject\" \/><\/span>\n        <\/div><\/div>\n    <div class=\"col-lg-12\">\n        <div class=\"form-group\">\n            <label for=\"contact-message\" class=\"mb-1 font-size-sm\">Nachricht<\/label>\n            <span class=\"wpcf7-form-control-wrap\" data-name=\"your-message\"><textarea cols=\"40\" rows=\"8\" maxlength=\"5000\" class=\"wpcf7-form-control wpcf7-textarea form-control\" id=\"contact-message\" aria-invalid=\"false\" name=\"your-message\"><\/textarea><\/span>\n        <\/div><\/div>\n    <div class=\"col-lg-12\">\n        <div class=\"form-group\">\n            <input class=\"wpcf7-form-control wpcf7-submit has-spinner btn btn-primary btn-modern font-size-xs line-height-xs\" type=\"submit\" value=\"Senden\" \/>\n        <\/div><\/div>\n<\/div><div class=\"wpcf7-response-output\" aria-hidden=\"true\"><\/div>\n<\/form>\n<\/div>\n<\/div>\n\t\t\t\t\t\t<\/div>\n\t\t\t\t<\/div>\n\t\t\t\t\t<\/div>\r\n\t\t\t\t<\/div>\r\n\t\t\t\t<div class=\"elementor-column elementor-col-50 elementor-top-column elementor-element elementor-element-5cd9930\" data-id=\"5cd9930\" data-element_type=\"column\" data-e-type=\"column\">\r\n\t\t\t\t\t<div class=\"elementor-widget-wrap elementor-element-populated\">\r\n\t\t\t\t\t\t\t\t<div class=\"elementor-element elementor-element-2b3a3b9 mt-1 mb-1 elementor-widget elementor-widget-heading\" data-id=\"2b3a3b9\" data-element_type=\"widget\" data-e-type=\"widget\" data-widget_type=\"heading.default\">\n\t\t\t\t<div class=\"elementor-widget-container\">\n\t\t\t\t\t<h2 class=\"elementor-heading-title elementor-size-default\">Unsere <strong class=\"font-weight-extra-bold\">Werkstatt<\/strong><\/h2>\t\t\t\t<\/div>\n\t\t\t\t<\/div>\n\t\t\t\t<div class=\"elementor-element elementor-element-fa8b211 with-border elementor-icon-list--layout-traditional elementor-list-item-link-full_width elementor-widget elementor-widget-icon-list\" data-id=\"fa8b211\" data-element_type=\"widget\" data-e-type=\"widget\" data-widget_type=\"icon-list.default\">\n\t\t\t\t<div class=\"elementor-widget-container\">\n\t\t\t\t\t\t\t<ul class=\"elementor-icon-list-items\">\n\t\t\t\t\t\t\t<li class=\"elementor-icon-list-item\">\n\t\t\t\t\t\t\t\t\t\t\t<span class=\"elementor-icon-list-icon\">\n\t\t\t\t\t\t\t<i aria-hidden=\"true\" class=\"fas fa-map-marker-alt\"><\/i>\t\t\t\t\t\t<\/span>\n\t\t\t\t\t\t\t\t\t\t<span class=\"elementor-icon-list-text\"><b class=\"text-dark\">Addresse:<\/b> 34434 Borgenteich, Lindenstra\u00dfe 9<\/span>\n\t\t\t\t\t\t\t\t\t<\/li>\n\t\t\t\t\t\t\t\t<li class=\"elementor-icon-list-item\">\n\t\t\t\t\t\t\t\t\t\t\t<span class=\"elementor-icon-list-icon\">\n\t\t\t\t\t\t\t<i aria-hidden=\"true\" class=\"fas fa-phone\"><\/i>\t\t\t\t\t\t<\/span>\n\t\t\t\t\t\t\t\t\t\t<span class=\"elementor-icon-list-text\"><b class=\"text-dark\">Telefon:<\/b> +49 (5643) 94 87 58<\/span>\n\t\t\t\t\t\t\t\t\t<\/li>\n\t\t\t\t\t\t\t\t<li class=\"elementor-icon-list-item\">\n\t\t\t\t\t\t\t\t\t\t\t<span class=\"elementor-icon-list-icon\">\n\t\t\t\t\t\t\t<i aria-hidden=\"true\" class=\"fas fa-envelope\"><\/i>\t\t\t\t\t\t<\/span>\n\t\t\t\t\t\t\t\t\t\t<span class=\"elementor-icon-list-text\"><b class=\"text-dark\">Email:<\/b> <a href=\"mailto:info@bmt-becker.de\" class=\"d-inline\">info@bmt-becker.de<\/a><\/span>\n\t\t\t\t\t\t\t\t\t<\/li>\n\t\t\t\t\t\t<\/ul>\n\t\t\t\t\t\t<\/div>\n\t\t\t\t<\/div>\n\t\t\t\t<div class=\"elementor-element elementor-element-1d98cf9 mb-0 elementor-widget elementor-widget-heading\" data-id=\"1d98cf9\" data-element_type=\"widget\" data-e-type=\"widget\" data-widget_type=\"heading.default\">\n\t\t\t\t<div class=\"elementor-widget-container\">\n\t\t\t\t\t<h2 class=\"elementor-heading-title elementor-size-default\">unsere <strong class=\"font-weight-extra-bold\">Gesch\u00e4ftszeiten<\/strong><\/h2>\t\t\t\t<\/div>\n\t\t\t\t<\/div>\n\t\t\t\t<div class=\"elementor-element elementor-element-d98ec87 elementor-icon-list--layout-traditional elementor-list-item-link-full_width elementor-widget elementor-widget-icon-list\" data-id=\"d98ec87\" data-element_type=\"widget\" data-e-type=\"widget\" data-widget_type=\"icon-list.default\">\n\t\t\t\t<div class=\"elementor-widget-container\">\n\t\t\t\t\t\t\t<ul class=\"elementor-icon-list-items\">\n\t\t\t\t\t\t\t<li class=\"elementor-icon-list-item\">\n\t\t\t\t\t\t\t\t\t\t\t<span class=\"elementor-icon-list-icon\">\n\t\t\t\t\t\t\t<i aria-hidden=\"true\" class=\"far fa-clock\"><\/i>\t\t\t\t\t\t<\/span>\n\t\t\t\t\t\t\t\t\t\t<span class=\"elementor-icon-list-text\">Montag - Freitag - 08:00 - 17:00<\/span>\n\t\t\t\t\t\t\t\t\t<\/li>\n\t\t\t\t\t\t\t\t<li class=\"elementor-icon-list-item\">\n\t\t\t\t\t\t\t\t\t\t\t<span class=\"elementor-icon-list-icon\">\n\t\t\t\t\t\t\t<i aria-hidden=\"true\" class=\"far fa-clock\"><\/i>\t\t\t\t\t\t<\/span>\n\t\t\t\t\t\t\t\t\t\t<span class=\"elementor-icon-list-text\">Samstags 09:00 - 14:00<\/span>\n\t\t\t\t\t\t\t\t\t<\/li>\n\t\t\t\t\t\t\t\t<li class=\"elementor-icon-list-item\">\n\t\t\t\t\t\t\t\t\t\t\t<span class=\"elementor-icon-list-icon\">\n\t\t\t\t\t\t\t<i aria-hidden=\"true\" class=\"far fa-clock\"><\/i>\t\t\t\t\t\t<\/span>\n\t\t\t\t\t\t\t\t\t\t<span class=\"elementor-icon-list-text\">Sonntags - geschlossen<\/span>\n\t\t\t\t\t\t\t\t\t<\/li>\n\t\t\t\t\t\t<\/ul>\n\t\t\t\t\t\t<\/div>\n\t\t\t\t<\/div>\n\t\t\t\t\t<\/div>\r\n\t\t\t\t<\/div>\r\n\t\t\t\t\t<\/div>\r\n\t\t\t\t<\/section>\r\n\t\t\t\t<\/div>\n\t\t","protected":false},"excerpt":{"rendered":"<p>Kontakt Wenn Sie weitere Fragen haben, z\u00f6gern Sie nicht uns zu kontaktieren. Unsere Werkstatt Addresse: 34434 Borgenteich, Lindenstra\u00dfe 9 Telefon: +49 (5643) 94 87 58 Email: info@bmt-becker.de unsere Gesch\u00e4ftszeiten Montag &#8211; Freitag &#8211; 08:00 &#8211; 17:00 Samstags 09:00 &#8211; 14:00 Sonntags &#8211; geschlossen<\/p>\n","protected":false},"author":1,"featured_media":0,"parent":0,"menu_order":0,"comment_status":"closed","ping_status":"closed","template":"","meta":{"footnotes":""},"class_list":["post-1029","page","type-page","status-publish","hentry"],"yoast_head":"<!-- This site is optimized with the Yoast SEO plugin v27.4 - https:\/\/yoast.com\/product\/yoast-seo-wordpress\/ -->\n<title>Kontakt - Bau- &amp; M\u00f6beltischlerei Becker<\/title>\n<meta name=\"robots\" content=\"index, follow, max-snippet:-1, max-image-preview:large, max-video-preview:-1\" \/>\n<link rel=\"canonical\" href=\"https:\/\/alt.bmt-becker.de\/?page_id=1029\" \/>\n<meta property=\"og:locale\" content=\"de_DE\" \/>\n<meta property=\"og:type\" content=\"article\" \/>\n<meta property=\"og:title\" content=\"Kontakt - Bau- &amp; M\u00f6beltischlerei Becker\" \/>\n<meta property=\"og:description\" content=\"Kontakt Wenn Sie weitere Fragen haben, z\u00f6gern Sie nicht uns zu kontaktieren. Unsere Werkstatt Addresse: 34434 Borgenteich, Lindenstra\u00dfe 9 Telefon: +49 (5643) 94 87 58 Email: info@bmt-becker.de unsere Gesch\u00e4ftszeiten Montag &#8211; Freitag &#8211; 08:00 &#8211; 17:00 Samstags 09:00 &#8211; 14:00 Sonntags &#8211; geschlossen\" \/>\n<meta property=\"og:url\" content=\"https:\/\/alt.bmt-becker.de\/?page_id=1029\" \/>\n<meta property=\"og:site_name\" content=\"Bau- &amp; M\u00f6beltischlerei Becker\" \/>\n<meta property=\"article:modified_time\" content=\"2023-01-21T00:06:38+00:00\" \/>\n<meta name=\"twitter:card\" content=\"summary_large_image\" \/>\n<meta name=\"twitter:label1\" content=\"Gesch\u00e4tzte Lesezeit\" \/>\n\t<meta name=\"twitter:data1\" content=\"11\u00a0Minuten\" \/>\n<script type=\"application\/ld+json\" class=\"yoast-schema-graph\">{\"@context\":\"https:\\\/\\\/schema.org\",\"@graph\":[{\"@type\":\"WebPage\",\"@id\":\"https:\\\/\\\/alt.bmt-becker.de\\\/?page_id=1029\",\"url\":\"https:\\\/\\\/alt.bmt-becker.de\\\/?page_id=1029\",\"name\":\"Kontakt - Bau- &amp; M\u00f6beltischlerei Becker\",\"isPartOf\":{\"@id\":\"https:\\\/\\\/alt.bmt-becker.de\\\/#website\"},\"datePublished\":\"2021-07-13T05:31:27+00:00\",\"dateModified\":\"2023-01-21T00:06:38+00:00\",\"breadcrumb\":{\"@id\":\"https:\\\/\\\/alt.bmt-becker.de\\\/?page_id=1029#breadcrumb\"},\"inLanguage\":\"de\",\"potentialAction\":[{\"@type\":\"ReadAction\",\"target\":[\"https:\\\/\\\/alt.bmt-becker.de\\\/?page_id=1029\"]}]},{\"@type\":\"BreadcrumbList\",\"@id\":\"https:\\\/\\\/alt.bmt-becker.de\\\/?page_id=1029#breadcrumb\",\"itemListElement\":[{\"@type\":\"ListItem\",\"position\":1,\"name\":\"Startseite\",\"item\":\"https:\\\/\\\/alt.bmt-becker.de\\\/\"},{\"@type\":\"ListItem\",\"position\":2,\"name\":\"Kontakt\"}]},{\"@type\":\"WebSite\",\"@id\":\"https:\\\/\\\/alt.bmt-becker.de\\\/#website\",\"url\":\"https:\\\/\\\/alt.bmt-becker.de\\\/\",\"name\":\"Bau- &amp; M\u00f6beltischlerei Becker\",\"description\":\"Der Tischler wars! Aus Borgenteich\",\"potentialAction\":[{\"@type\":\"SearchAction\",\"target\":{\"@type\":\"EntryPoint\",\"urlTemplate\":\"https:\\\/\\\/alt.bmt-becker.de\\\/?s={search_term_string}\"},\"query-input\":{\"@type\":\"PropertyValueSpecification\",\"valueRequired\":true,\"valueName\":\"search_term_string\"}}],\"inLanguage\":\"de\"}]}<\/script>\n<!-- \/ Yoast SEO plugin. -->","yoast_head_json":{"title":"Kontakt - Bau- &amp; M\u00f6beltischlerei Becker","robots":{"index":"index","follow":"follow","max-snippet":"max-snippet:-1","max-image-preview":"max-image-preview:large","max-video-preview":"max-video-preview:-1"},"canonical":"https:\/\/alt.bmt-becker.de\/?page_id=1029","og_locale":"de_DE","og_type":"article","og_title":"Kontakt - Bau- &amp; M\u00f6beltischlerei Becker","og_description":"Kontakt Wenn Sie weitere Fragen haben, z\u00f6gern Sie nicht uns zu kontaktieren. Unsere Werkstatt Addresse: 34434 Borgenteich, Lindenstra\u00dfe 9 Telefon: +49 (5643) 94 87 58 Email: info@bmt-becker.de unsere Gesch\u00e4ftszeiten Montag &#8211; Freitag &#8211; 08:00 &#8211; 17:00 Samstags 09:00 &#8211; 14:00 Sonntags &#8211; geschlossen","og_url":"https:\/\/alt.bmt-becker.de\/?page_id=1029","og_site_name":"Bau- &amp; M\u00f6beltischlerei Becker","article_modified_time":"2023-01-21T00:06:38+00:00","twitter_card":"summary_large_image","twitter_misc":{"Gesch\u00e4tzte Lesezeit":"11\u00a0Minuten"},"schema":{"@context":"https:\/\/schema.org","@graph":[{"@type":"WebPage","@id":"https:\/\/alt.bmt-becker.de\/?page_id=1029","url":"https:\/\/alt.bmt-becker.de\/?page_id=1029","name":"Kontakt - Bau- &amp; M\u00f6beltischlerei Becker","isPartOf":{"@id":"https:\/\/alt.bmt-becker.de\/#website"},"datePublished":"2021-07-13T05:31:27+00:00","dateModified":"2023-01-21T00:06:38+00:00","breadcrumb":{"@id":"https:\/\/alt.bmt-becker.de\/?page_id=1029#breadcrumb"},"inLanguage":"de","potentialAction":[{"@type":"ReadAction","target":["https:\/\/alt.bmt-becker.de\/?page_id=1029"]}]},{"@type":"BreadcrumbList","@id":"https:\/\/alt.bmt-becker.de\/?page_id=1029#breadcrumb","itemListElement":[{"@type":"ListItem","position":1,"name":"Startseite","item":"https:\/\/alt.bmt-becker.de\/"},{"@type":"ListItem","position":2,"name":"Kontakt"}]},{"@type":"WebSite","@id":"https:\/\/alt.bmt-becker.de\/#website","url":"https:\/\/alt.bmt-becker.de\/","name":"Bau- &amp; M\u00f6beltischlerei Becker","description":"Der Tischler wars! Aus Borgenteich","potentialAction":[{"@type":"SearchAction","target":{"@type":"EntryPoint","urlTemplate":"https:\/\/alt.bmt-becker.de\/?s={search_term_string}"},"query-input":{"@type":"PropertyValueSpecification","valueRequired":true,"valueName":"search_term_string"}}],"inLanguage":"de"}]}},"_links":{"self":[{"href":"https:\/\/alt.bmt-becker.de\/index.php?rest_route=\/wp\/v2\/pages\/1029","targetHints":{"allow":["GET"]}}],"collection":[{"href":"https:\/\/alt.bmt-becker.de\/index.php?rest_route=\/wp\/v2\/pages"}],"about":[{"href":"https:\/\/alt.bmt-becker.de\/index.php?rest_route=\/wp\/v2\/types\/page"}],"author":[{"embeddable":true,"href":"https:\/\/alt.bmt-becker.de\/index.php?rest_route=\/wp\/v2\/users\/1"}],"replies":[{"embeddable":true,"href":"https:\/\/alt.bmt-becker.de\/index.php?rest_route=%2Fwp%2Fv2%2Fcomments&post=1029"}],"version-history":[{"count":16,"href":"https:\/\/alt.bmt-becker.de\/index.php?rest_route=\/wp\/v2\/pages\/1029\/revisions"}],"predecessor-version":[{"id":4139,"href":"https:\/\/alt.bmt-becker.de\/index.php?rest_route=\/wp\/v2\/pages\/1029\/revisions\/4139"}],"wp:attachment":[{"href":"https:\/\/alt.bmt-becker.de\/index.php?rest_route=%2Fwp%2Fv2%2Fmedia&parent=1029"}],"curies":[{"name":"wp","href":"https:\/\/api.w.org\/{rel}","templated":true}]}}