{"id":4196,"date":"2023-01-21T13:09:15","date_gmt":"2023-01-21T12:09:15","guid":{"rendered":"https:\/\/www.bmt-becker.de\/?page_id=4196"},"modified":"2023-01-21T13:20:08","modified_gmt":"2023-01-21T12:20:08","slug":"projekte","status":"publish","type":"page","link":"https:\/\/alt.bmt-becker.de\/?page_id=4196","title":{"rendered":"Projekte"},"content":{"rendered":"\t\t<div data-elementor-type=\"wp-page\" data-elementor-id=\"4196\" class=\"elementor elementor-4196\">\n\t\t\t\t\t\t<section class=\"elementor-section elementor-top-section elementor-element elementor-element-007ea74 elementor-section-boxed elementor-section-height-default elementor-section-height-default\" data-id=\"007ea74\" data-element_type=\"section\" data-e-type=\"section\">\r\n\t\t\r\n\t\t\t\t\t\t\t<div class=\"elementor-container elementor-column-gap-default\">\r\n\t\t\t\t\t\t\t\t\t\t\t<div class=\"elementor-column elementor-col-100 elementor-top-column elementor-element elementor-element-ee691ef\" data-id=\"ee691ef\" data-element_type=\"column\" data-e-type=\"column\">\r\n\t\t\t\t\t<div class=\"elementor-widget-wrap elementor-element-populated\">\r\n\t\t\t\t\t\t\t\t<div class=\"elementor-element elementor-element-809fd68 elementor-widget elementor-widget-porto_portfolios\" data-id=\"809fd68\" data-element_type=\"widget\" data-e-type=\"widget\" data-widget_type=\"porto_portfolios.default\">\n\t\t\t\t<div class=\"elementor-widget-container\">\n\t\t\t\t\t<div class=\"porto-portfolios porto-portfoliosrcd5 wpb_content_element  porto-portfolio-d751713988987e9331980363e24189ce\">\r\n\t<div class=\"page-portfolios clearfix portfolios-grid\" id=\"porto_portfolios_zvw5\">\r\n\r\n\t\r\n\t\t\t<ul class=\"portfolio-filter nav sort-source sort-source-style-3\">\r\n\t\t\t<li class=\"active\" data-filter=\"*\"><a href=\"#\">Show All<\/a><\/li>\r\n\t\t\t\t\t\t\t<li data-filter=\"boeden\"><a href=\"#\">B\u00f6den<\/a><\/li>\r\n\t\t\t\t\t\t\t<li data-filter=\"innenausbau\"><a href=\"#\">Innenausbau<\/a><\/li>\r\n\t\t\t\t\t\t\t<li data-filter=\"tueren\"><a href=\"#\">T\u00fcren<\/a><\/li>\r\n\t\t\t\t\t<\/ul>\r\n\t\t\t\t\t\r\n\t\t\t<div class=\"portfolios-container portfolio-row portfolio-row-3 classic\">\r\n\r\n\t\r\n\t\t<article class=\"portfolio portfolio-grid portfolio-col-3 innenausbau post-3549 type-portfolio status-publish has-post-thumbnail hentry portfolio_cat-innenausbau\">\r\n\t\t<h3 class=\"entry-title\" style=\"display: none;\">Badezimmer<\/h3><span class=\"vcard\" style=\"display: none;\"><span class=\"fn\"><a href=\"https:\/\/alt.bmt-becker.de\/?author=1\" title=\"Beitr\u00e4ge von admin\" rel=\"author\">admin<\/a><\/span><\/span><span class=\"updated\" style=\"display:none\">2023-01-21T13:23:15+01:00<\/span>\t\t<div class=\"portfolio-item default\">\r\n\t\t\t\r\n\t\t\t<a class=\"text-decoration-none portfolio-link\" href=\"https:\/\/alt.bmt-becker.de\/?portfolio=badezimmer\">\r\n\t\t\t\t<span class=\"thumb-info thumb-info-lighten thumb-info-slow-zoom thumb-info-centered-icons\">\r\n\t\t\t\t\t<span class=\"thumb-info-wrapper\">\r\n\t\t\t\t\t\t\t\t\t\t\t\t\t\t\t<img fetchpriority=\"high\" decoding=\"async\" class=\"img-responsive\" src=\"https:\/\/alt.bmt-becker.de\/wp-content\/uploads\/2021\/09\/Badezimmer01-367x367.jpeg\" alt=\"\" width=\"367\" height=\"367\" \/>\r\n\t\t\t\t\t\t\t\t\t\r\n\t\t\t\t\t\t\r\n\t\t\t\t\t\t\r\n\t\t\t\t\t\t\t\t\t\t\t\t\t\t\t\t<span class=\"thumb-info-title\">\r\n\r\n\t\t\t\t\t\t\t\t\t\t<span class=\"thumb-info-inner\">Badezimmer<\/span>\r\n\r\n\t\t\t\t\t\t\t\t\t\t\t\t\t\t\t\t\t\t\t\t\t<span class=\"thumb-info-type\">Innenausbau<\/span>\r\n\t\t\t\t\t\t\t\t\t\t\r\n\t\t\t\t\t\t\t\t\t<\/span>\r\n\t\t\t\t\t\t\t\t\t\t\t\t\t\t\t\t\t\t\t\t\t\t\t\t\t\t\t<span class=\"thumb-info-action\">\r\n\t\t\t\t\t\t\t\t\t\t\t\t\t\t\t\t\t\t\t\t\t\t\t\t\t<span class=\"thumb-info-action-icon thumb-info-action-icon-light thumb-info-zoom\" data-src=\"[&quot;https:\\\/\\\/alt.bmt-becker.de\\\/wp-content\\\/uploads\\\/2021\\\/09\\\/Badezimmer01.jpeg&quot;]\" data-title=\"[&quot;&quot;]\"><i class=\"fas fa-search-plus\"><\/i><\/span>\r\n\t\t\t\t\t\t\t\t\t\t\t\t\t\t\t<\/span>\r\n\t\t\t\t\t\t\t\t\t\t\t\t\t\t\t\t\t<\/span>\r\n\t\t\t\t<\/span>\r\n\t\t\t<\/a>\r\n\t\t\t\t\t\t\t\t<\/div>\r\n\t<\/article>\r\n\t\t<article class=\"portfolio portfolio-grid portfolio-col-3 tueren post-3547 type-portfolio status-publish has-post-thumbnail hentry portfolio_cat-tueren\">\r\n\t\t<h3 class=\"entry-title\" style=\"display: none;\">Zimmert\u00fcren<\/h3><span class=\"vcard\" style=\"display: none;\"><span class=\"fn\"><a href=\"https:\/\/alt.bmt-becker.de\/?author=1\" title=\"Beitr\u00e4ge von admin\" rel=\"author\">admin<\/a><\/span><\/span><span class=\"updated\" style=\"display:none\">2023-01-21T13:23:31+01:00<\/span>\t\t<div class=\"portfolio-item default\">\r\n\t\t\t\r\n\t\t\t<a class=\"text-decoration-none portfolio-link\" href=\"https:\/\/alt.bmt-becker.de\/?portfolio=zimmertueren\">\r\n\t\t\t\t<span class=\"thumb-info thumb-info-lighten thumb-info-slow-zoom thumb-info-centered-icons\">\r\n\t\t\t\t\t<span class=\"thumb-info-wrapper\">\r\n\t\t\t\t\t\t\t\t\t\t\t\t\t\t\t<img decoding=\"async\" class=\"img-responsive\" src=\"https:\/\/alt.bmt-becker.de\/wp-content\/uploads\/2021\/09\/WhatsApp-Image-2021-11-21-at-14.28.10-1-367x367.jpeg\" alt=\"\" width=\"367\" height=\"367\" \/>\r\n\t\t\t\t\t\t\t\t\t\r\n\t\t\t\t\t\t\r\n\t\t\t\t\t\t\r\n\t\t\t\t\t\t\t\t\t\t\t\t\t\t\t\t<span class=\"thumb-info-title\">\r\n\r\n\t\t\t\t\t\t\t\t\t\t<span class=\"thumb-info-inner\">Zimmert\u00fcren<\/span>\r\n\r\n\t\t\t\t\t\t\t\t\t\t\t\t\t\t\t\t\t\t\t\t\t<span class=\"thumb-info-type\">T\u00fcren<\/span>\r\n\t\t\t\t\t\t\t\t\t\t\r\n\t\t\t\t\t\t\t\t\t<\/span>\r\n\t\t\t\t\t\t\t\t\t\t\t\t\t\t\t\t\t\t\t\t\t\t\t\t\t\t\t<span class=\"thumb-info-action\">\r\n\t\t\t\t\t\t\t\t\t\t\t\t\t\t\t\t\t\t\t\t\t\t\t\t\t<span class=\"thumb-info-action-icon thumb-info-action-icon-light thumb-info-zoom\" data-src=\"[&quot;https:\\\/\\\/alt.bmt-becker.de\\\/wp-content\\\/uploads\\\/2021\\\/09\\\/WhatsApp-Image-2021-11-21-at-14.28.10-1.jpeg&quot;]\" data-title=\"[&quot;&quot;]\"><i class=\"fas fa-search-plus\"><\/i><\/span>\r\n\t\t\t\t\t\t\t\t\t\t\t\t\t\t\t<\/span>\r\n\t\t\t\t\t\t\t\t\t\t\t\t\t\t\t\t\t<\/span>\r\n\t\t\t\t<\/span>\r\n\t\t\t<\/a>\r\n\t\t\t\t\t\t\t\t<\/div>\r\n\t<\/article>\r\n\t\t<article class=\"portfolio portfolio-grid portfolio-col-3 boeden post-3545 type-portfolio status-publish has-post-thumbnail hentry portfolio_cat-boeden portfolio_skills-design\">\r\n\t\t<h3 class=\"entry-title\" style=\"display: none;\">Terrassenb\u00f6den<\/h3><span class=\"vcard\" style=\"display: none;\"><span class=\"fn\"><a href=\"https:\/\/alt.bmt-becker.de\/?author=1\" title=\"Beitr\u00e4ge von admin\" rel=\"author\">admin<\/a><\/span><\/span><span class=\"updated\" style=\"display:none\">2023-01-21T13:24:16+01:00<\/span>\t\t<div class=\"portfolio-item default\">\r\n\t\t\t\r\n\t\t\t<a class=\"text-decoration-none portfolio-link\" href=\"https:\/\/alt.bmt-becker.de\/?portfolio=terrasenboeden\">\r\n\t\t\t\t<span class=\"thumb-info thumb-info-lighten thumb-info-slow-zoom thumb-info-centered-icons\">\r\n\t\t\t\t\t<span class=\"thumb-info-wrapper\">\r\n\t\t\t\t\t\t\t\t\t\t\t\t\t\t\t<img decoding=\"async\" class=\"img-responsive\" src=\"https:\/\/alt.bmt-becker.de\/wp-content\/uploads\/2021\/09\/WhatsApp-Image-2021-11-21-at-14.22.55-367x367.jpeg\" alt=\"\" width=\"367\" height=\"367\" \/>\r\n\t\t\t\t\t\t\t\t\t\r\n\t\t\t\t\t\t\r\n\t\t\t\t\t\t\r\n\t\t\t\t\t\t\t\t\t\t\t\t\t\t\t\t<span class=\"thumb-info-title\">\r\n\r\n\t\t\t\t\t\t\t\t\t\t<span class=\"thumb-info-inner\">Terrassenb\u00f6den<\/span>\r\n\r\n\t\t\t\t\t\t\t\t\t\t\t\t\t\t\t\t\t\t\t\t\t<span class=\"thumb-info-type\">B\u00f6den<\/span>\r\n\t\t\t\t\t\t\t\t\t\t\r\n\t\t\t\t\t\t\t\t\t<\/span>\r\n\t\t\t\t\t\t\t\t\t\t\t\t\t\t\t\t\t\t\t\t\t\t\t\t\t\t\t<span class=\"thumb-info-action\">\r\n\t\t\t\t\t\t\t\t\t\t\t\t\t\t\t\t\t\t\t\t\t\t\t\t\t<span class=\"thumb-info-action-icon thumb-info-action-icon-light thumb-info-zoom\" data-src=\"[&quot;https:\\\/\\\/alt.bmt-becker.de\\\/wp-content\\\/uploads\\\/2021\\\/09\\\/WhatsApp-Image-2021-11-21-at-14.22.55.jpeg&quot;]\" data-title=\"[&quot;&quot;]\"><i class=\"fas fa-search-plus\"><\/i><\/span>\r\n\t\t\t\t\t\t\t\t\t\t\t\t\t\t\t<\/span>\r\n\t\t\t\t\t\t\t\t\t\t\t\t\t\t\t\t\t<\/span>\r\n\t\t\t\t<\/span>\r\n\t\t\t<\/a>\r\n\t\t\t\t\t\t\t\t<\/div>\r\n\t<\/article>\r\n\t\t<article class=\"portfolio portfolio-grid portfolio-col-3 boeden post-3543 type-portfolio status-publish has-post-thumbnail hentry portfolio_cat-boeden\">\r\n\t\t<h3 class=\"entry-title\" style=\"display: none;\">Fu\u00dfb\u00f6den<\/h3><span class=\"vcard\" style=\"display: none;\"><span class=\"fn\"><a href=\"https:\/\/alt.bmt-becker.de\/?author=1\" title=\"Beitr\u00e4ge von admin\" rel=\"author\">admin<\/a><\/span><\/span><span class=\"updated\" style=\"display:none\">2023-01-21T13:24:29+01:00<\/span>\t\t<div class=\"portfolio-item default\">\r\n\t\t\t\r\n\t\t\t<a class=\"text-decoration-none portfolio-link\" href=\"https:\/\/alt.bmt-becker.de\/?portfolio=clean-way\">\r\n\t\t\t\t<span class=\"thumb-info thumb-info-lighten thumb-info-slow-zoom thumb-info-centered-icons\">\r\n\t\t\t\t\t<span class=\"thumb-info-wrapper\">\r\n\t\t\t\t\t\t\t\t\t\t\t\t\t\t\t<img loading=\"lazy\" decoding=\"async\" class=\"img-responsive\" src=\"https:\/\/alt.bmt-becker.de\/wp-content\/uploads\/2021\/09\/WhatsApp-Image-2021-11-21-at-14.28.07-367x367.jpeg\" alt=\"\" width=\"367\" height=\"367\" \/>\r\n\t\t\t\t\t\t\t\t\t\r\n\t\t\t\t\t\t\r\n\t\t\t\t\t\t\r\n\t\t\t\t\t\t\t\t\t\t\t\t\t\t\t\t<span class=\"thumb-info-title\">\r\n\r\n\t\t\t\t\t\t\t\t\t\t<span class=\"thumb-info-inner\">Fu\u00dfb\u00f6den<\/span>\r\n\r\n\t\t\t\t\t\t\t\t\t\t\t\t\t\t\t\t\t\t\t\t\t<span class=\"thumb-info-type\">B\u00f6den<\/span>\r\n\t\t\t\t\t\t\t\t\t\t\r\n\t\t\t\t\t\t\t\t\t<\/span>\r\n\t\t\t\t\t\t\t\t\t\t\t\t\t\t\t\t\t\t\t\t\t\t\t\t\t\t\t<span class=\"thumb-info-action\">\r\n\t\t\t\t\t\t\t\t\t\t\t\t\t\t\t\t\t\t\t\t\t\t\t\t\t<span class=\"thumb-info-action-icon thumb-info-action-icon-light thumb-info-zoom\" data-src=\"[&quot;https:\\\/\\\/alt.bmt-becker.de\\\/wp-content\\\/uploads\\\/2021\\\/09\\\/WhatsApp-Image-2021-11-21-at-14.28.07.jpeg&quot;]\" data-title=\"[&quot;&quot;]\"><i class=\"fas fa-search-plus\"><\/i><\/span>\r\n\t\t\t\t\t\t\t\t\t\t\t\t\t\t\t<\/span>\r\n\t\t\t\t\t\t\t\t\t\t\t\t\t\t\t\t\t<\/span>\r\n\t\t\t\t<\/span>\r\n\t\t\t<\/a>\r\n\t\t\t\t\t\t\t\t<\/div>\r\n\t<\/article>\r\n\t\t<article class=\"portfolio portfolio-grid portfolio-col-3 boeden post-3540 type-portfolio status-publish has-post-thumbnail hentry portfolio_cat-boeden portfolio_skills-design portfolio_skills-javascript\">\r\n\t\t<h3 class=\"entry-title\" style=\"display: none;\">Gel\u00e4nder<\/h3><span class=\"vcard\" style=\"display: none;\"><span class=\"fn\"><a href=\"https:\/\/alt.bmt-becker.de\/?author=1\" title=\"Beitr\u00e4ge von admin\" rel=\"author\">admin<\/a><\/span><\/span><span class=\"updated\" style=\"display:none\">2023-01-21T13:25:02+01:00<\/span>\t\t<div class=\"portfolio-item default\">\r\n\t\t\t\r\n\t\t\t<a class=\"text-decoration-none portfolio-link\" href=\"https:\/\/alt.bmt-becker.de\/?portfolio=gelaender\">\r\n\t\t\t\t<span class=\"thumb-info thumb-info-lighten thumb-info-slow-zoom thumb-info-centered-icons\">\r\n\t\t\t\t\t<span class=\"thumb-info-wrapper\">\r\n\t\t\t\t\t\t\t\t\t\t\t\t\t\t\t<img loading=\"lazy\" decoding=\"async\" class=\"img-responsive\" src=\"https:\/\/alt.bmt-becker.de\/wp-content\/uploads\/2021\/09\/WhatsApp-Image-2021-11-21-at-14.23.03-367x367.jpeg\" alt=\"\" width=\"367\" height=\"367\" \/>\r\n\t\t\t\t\t\t\t\t\t\r\n\t\t\t\t\t\t\r\n\t\t\t\t\t\t\r\n\t\t\t\t\t\t\t\t\t\t\t\t\t\t\t\t<span class=\"thumb-info-title\">\r\n\r\n\t\t\t\t\t\t\t\t\t\t<span class=\"thumb-info-inner\">Gel\u00e4nder<\/span>\r\n\r\n\t\t\t\t\t\t\t\t\t\t\t\t\t\t\t\t\t\t\t\t\t<span class=\"thumb-info-type\">B\u00f6den<\/span>\r\n\t\t\t\t\t\t\t\t\t\t\r\n\t\t\t\t\t\t\t\t\t<\/span>\r\n\t\t\t\t\t\t\t\t\t\t\t\t\t\t\t\t\t\t\t\t\t\t\t\t\t\t\t<span class=\"thumb-info-action\">\r\n\t\t\t\t\t\t\t\t\t\t\t\t\t\t\t\t\t\t\t\t\t\t\t\t\t<span class=\"thumb-info-action-icon thumb-info-action-icon-light thumb-info-zoom\" data-src=\"[&quot;https:\\\/\\\/alt.bmt-becker.de\\\/wp-content\\\/uploads\\\/2021\\\/09\\\/WhatsApp-Image-2021-11-21-at-14.23.03.jpeg&quot;]\" data-title=\"[&quot;&quot;]\"><i class=\"fas fa-search-plus\"><\/i><\/span>\r\n\t\t\t\t\t\t\t\t\t\t\t\t\t\t\t<\/span>\r\n\t\t\t\t\t\t\t\t\t\t\t\t\t\t\t\t\t<\/span>\r\n\t\t\t\t<\/span>\r\n\t\t\t<\/a>\r\n\t\t\t\t\t\t\t\t<\/div>\r\n\t<\/article>\r\n\t\t<article class=\"portfolio portfolio-grid portfolio-col-3 boeden post-3529 type-portfolio status-publish has-post-thumbnail hentry portfolio_cat-boeden portfolio_skills-backend portfolio_skills-logo\">\r\n\t\t<h3 class=\"entry-title\" style=\"display: none;\">Treppen<\/h3><span class=\"vcard\" style=\"display: none;\"><span class=\"fn\"><a href=\"https:\/\/alt.bmt-becker.de\/?author=1\" title=\"Beitr\u00e4ge von admin\" rel=\"author\">admin<\/a><\/span><\/span><span class=\"updated\" style=\"display:none\">2023-01-21T13:25:17+01:00<\/span>\t\t<div class=\"portfolio-item default\">\r\n\t\t\t\r\n\t\t\t<a class=\"text-decoration-none portfolio-link\" href=\"https:\/\/alt.bmt-becker.de\/?portfolio=treppen\">\r\n\t\t\t\t<span class=\"thumb-info thumb-info-lighten thumb-info-slow-zoom thumb-info-centered-icons\">\r\n\t\t\t\t\t<span class=\"thumb-info-wrapper\">\r\n\t\t\t\t\t\t\t\t\t\t\t\t\t\t\t<img loading=\"lazy\" decoding=\"async\" class=\"img-responsive\" src=\"https:\/\/alt.bmt-becker.de\/wp-content\/uploads\/2021\/09\/WhatsApp-Image-2021-11-21-at-14.28.08-1-367x367.jpeg\" alt=\"\" width=\"367\" height=\"367\" \/>\r\n\t\t\t\t\t\t\t\t\t\r\n\t\t\t\t\t\t\r\n\t\t\t\t\t\t\r\n\t\t\t\t\t\t\t\t\t\t\t\t\t\t\t\t<span class=\"thumb-info-title\">\r\n\r\n\t\t\t\t\t\t\t\t\t\t<span class=\"thumb-info-inner\">Treppen<\/span>\r\n\r\n\t\t\t\t\t\t\t\t\t\t\t\t\t\t\t\t\t\t\t\t\t<span class=\"thumb-info-type\">B\u00f6den<\/span>\r\n\t\t\t\t\t\t\t\t\t\t\r\n\t\t\t\t\t\t\t\t\t<\/span>\r\n\t\t\t\t\t\t\t\t\t\t\t\t\t\t\t\t\t\t\t\t\t\t\t\t\t\t\t<span class=\"thumb-info-action\">\r\n\t\t\t\t\t\t\t\t\t\t\t\t\t\t\t\t\t\t\t\t\t\t\t\t\t<span class=\"thumb-info-action-icon thumb-info-action-icon-light thumb-info-zoom\" data-src=\"[&quot;https:\\\/\\\/alt.bmt-becker.de\\\/wp-content\\\/uploads\\\/2021\\\/09\\\/WhatsApp-Image-2021-11-21-at-14.28.08-1.jpeg&quot;]\" data-title=\"[&quot;&quot;]\"><i class=\"fas fa-search-plus\"><\/i><\/span>\r\n\t\t\t\t\t\t\t\t\t\t\t\t\t\t\t<\/span>\r\n\t\t\t\t\t\t\t\t\t\t\t\t\t\t\t\t\t<\/span>\r\n\t\t\t\t<\/span>\r\n\t\t\t<\/a>\r\n\t\t\t\t\t\t\t\t<\/div>\r\n\t<\/article>\r\n\t\t<article class=\"portfolio portfolio-grid portfolio-col-3 tueren post-3519 type-portfolio status-publish has-post-thumbnail hentry portfolio_cat-tueren portfolio_skills-brand portfolio_skills-design portfolio_skills-websites\">\r\n\t\t<h3 class=\"entry-title\" style=\"display: none;\">Au\u00dfent\u00fcren<\/h3><span class=\"vcard\" style=\"display: none;\"><span class=\"fn\"><a href=\"https:\/\/alt.bmt-becker.de\/?author=1\" title=\"Beitr\u00e4ge von admin\" rel=\"author\">admin<\/a><\/span><\/span><span class=\"updated\" style=\"display:none\">2023-01-21T13:25:28+01:00<\/span>\t\t<div class=\"portfolio-item default\">\r\n\t\t\t\r\n\t\t\t<a class=\"text-decoration-none portfolio-link\" href=\"https:\/\/alt.bmt-becker.de\/?portfolio=aussentueren\">\r\n\t\t\t\t<span class=\"thumb-info thumb-info-lighten thumb-info-slow-zoom thumb-info-centered-icons\">\r\n\t\t\t\t\t<span class=\"thumb-info-wrapper\">\r\n\t\t\t\t\t\t\t\t\t\t\t\t\t\t\t<img loading=\"lazy\" decoding=\"async\" class=\"img-responsive\" src=\"https:\/\/alt.bmt-becker.de\/wp-content\/uploads\/2021\/09\/WhatsApp-Image-2021-11-21-at-14.23.02-367x367.jpeg\" alt=\"\" width=\"367\" height=\"367\" \/>\r\n\t\t\t\t\t\t\t\t\t\r\n\t\t\t\t\t\t\r\n\t\t\t\t\t\t\r\n\t\t\t\t\t\t\t\t\t\t\t\t\t\t\t\t<span class=\"thumb-info-title\">\r\n\r\n\t\t\t\t\t\t\t\t\t\t<span class=\"thumb-info-inner\">Au\u00dfent\u00fcren<\/span>\r\n\r\n\t\t\t\t\t\t\t\t\t\t\t\t\t\t\t\t\t\t\t\t\t<span class=\"thumb-info-type\">T\u00fcren<\/span>\r\n\t\t\t\t\t\t\t\t\t\t\r\n\t\t\t\t\t\t\t\t\t<\/span>\r\n\t\t\t\t\t\t\t\t\t\t\t\t\t\t\t\t\t\t\t\t\t\t\t\t\t\t\t<span class=\"thumb-info-action\">\r\n\t\t\t\t\t\t\t\t\t\t\t\t\t\t\t\t\t\t\t\t\t\t\t\t\t<span class=\"thumb-info-action-icon thumb-info-action-icon-light thumb-info-zoom\" data-src=\"[&quot;https:\\\/\\\/alt.bmt-becker.de\\\/wp-content\\\/uploads\\\/2021\\\/09\\\/WhatsApp-Image-2021-11-21-at-14.23.02.jpeg&quot;]\" data-title=\"[&quot;&quot;]\"><i class=\"fas fa-search-plus\"><\/i><\/span>\r\n\t\t\t\t\t\t\t\t\t\t\t\t\t\t\t<\/span>\r\n\t\t\t\t\t\t\t\t\t\t\t\t\t\t\t\t\t<\/span>\r\n\t\t\t\t<\/span>\r\n\t\t\t<\/a>\r\n\t\t\t\t\t\t\t\t<\/div>\r\n\t<\/article>\r\n\t\r\n\t\r\n\t\r\n\t\t<\/div>\r\n\r\n\t\r\n\t\r\n\t<\/div>\r\n\r\n\t\r\n\t\r\n\t<\/div>\t\t\t\t<\/div>\n\t\t\t\t<\/div>\n\t\t\t\t\t<\/div>\r\n\t\t\t\t<\/div>\r\n\t\t\t\t\t<\/div>\r\n\t\t\t\t<\/section>\r\n\t\t\t\t<\/div>\n\t\t","protected":false},"excerpt":{"rendered":"<p>Show All Brands Logos Medias Websites Badezimmer admin2023-01-21T13:05:08+01:00 Badezimmer Websites Zimmert\u00fcren admin2023-01-21T13:05:36+01:00 Zimmert\u00fcren Logos Terrassenb\u00f6den admin2023-01-21T13:06:10+01:00 Terrassenb\u00f6den Brands Fu\u00dfb\u00f6den admin2023-01-21T13:06:49+01:00 Fu\u00dfb\u00f6den Medias Gel\u00e4nder admin2023-01-21T13:07:13+01:00 Gel\u00e4nder Websites Treppen admin2023-01-21T13:07:49+01:00 Treppen Medias Au\u00dfent\u00fcren admin2023-01-21T13:08:24+01:00 Au\u00dfent\u00fcren Websites<\/p>\n","protected":false},"author":1,"featured_media":0,"parent":0,"menu_order":0,"comment_status":"closed","ping_status":"closed","template":"","meta":{"footnotes":""},"class_list":["post-4196","page","type-page","status-publish","hentry"],"yoast_head":"<!-- This site is optimized with the Yoast SEO plugin v27.4 - https:\/\/yoast.com\/product\/yoast-seo-wordpress\/ -->\n<title>Projekte - Bau- &amp; M\u00f6beltischlerei Becker<\/title>\n<meta name=\"robots\" content=\"index, follow, max-snippet:-1, max-image-preview:large, max-video-preview:-1\" \/>\n<link rel=\"canonical\" href=\"https:\/\/alt.bmt-becker.de\/?page_id=4196\" \/>\n<meta property=\"og:locale\" content=\"de_DE\" \/>\n<meta property=\"og:type\" content=\"article\" \/>\n<meta property=\"og:title\" content=\"Projekte - Bau- &amp; M\u00f6beltischlerei Becker\" \/>\n<meta property=\"og:description\" content=\"Show All Brands Logos Medias Websites Badezimmer admin2023-01-21T13:05:08+01:00 Badezimmer Websites Zimmert\u00fcren admin2023-01-21T13:05:36+01:00 Zimmert\u00fcren Logos Terrassenb\u00f6den admin2023-01-21T13:06:10+01:00 Terrassenb\u00f6den Brands Fu\u00dfb\u00f6den admin2023-01-21T13:06:49+01:00 Fu\u00dfb\u00f6den Medias Gel\u00e4nder admin2023-01-21T13:07:13+01:00 Gel\u00e4nder Websites Treppen admin2023-01-21T13:07:49+01:00 Treppen Medias Au\u00dfent\u00fcren admin2023-01-21T13:08:24+01:00 Au\u00dfent\u00fcren Websites\" \/>\n<meta property=\"og:url\" content=\"https:\/\/alt.bmt-becker.de\/?page_id=4196\" \/>\n<meta property=\"og:site_name\" content=\"Bau- &amp; M\u00f6beltischlerei Becker\" \/>\n<meta property=\"article:modified_time\" content=\"2023-01-21T12:20:08+00:00\" \/>\n<meta property=\"og:image\" content=\"https:\/\/www.bmt-becker.de\/wp-content\/uploads\/2021\/09\/Badezimmer01-367x367.jpeg\" \/>\n<meta name=\"twitter:card\" content=\"summary_large_image\" \/>\n<meta name=\"twitter:label1\" content=\"Gesch\u00e4tzte Lesezeit\" \/>\n\t<meta name=\"twitter:data1\" content=\"2\u00a0Minuten\" \/>\n<script type=\"application\/ld+json\" class=\"yoast-schema-graph\">{\"@context\":\"https:\\\/\\\/schema.org\",\"@graph\":[{\"@type\":\"WebPage\",\"@id\":\"https:\\\/\\\/alt.bmt-becker.de\\\/?page_id=4196\",\"url\":\"https:\\\/\\\/alt.bmt-becker.de\\\/?page_id=4196\",\"name\":\"Projekte - Bau- &amp; M\u00f6beltischlerei Becker\",\"isPartOf\":{\"@id\":\"https:\\\/\\\/alt.bmt-becker.de\\\/#website\"},\"primaryImageOfPage\":{\"@id\":\"https:\\\/\\\/alt.bmt-becker.de\\\/?page_id=4196#primaryimage\"},\"image\":{\"@id\":\"https:\\\/\\\/alt.bmt-becker.de\\\/?page_id=4196#primaryimage\"},\"thumbnailUrl\":\"https:\\\/\\\/www.bmt-becker.de\\\/wp-content\\\/uploads\\\/2021\\\/09\\\/Badezimmer01-367x367.jpeg\",\"datePublished\":\"2023-01-21T12:09:15+00:00\",\"dateModified\":\"2023-01-21T12:20:08+00:00\",\"breadcrumb\":{\"@id\":\"https:\\\/\\\/alt.bmt-becker.de\\\/?page_id=4196#breadcrumb\"},\"inLanguage\":\"de\",\"potentialAction\":[{\"@type\":\"ReadAction\",\"target\":[\"https:\\\/\\\/alt.bmt-becker.de\\\/?page_id=4196\"]}]},{\"@type\":\"ImageObject\",\"inLanguage\":\"de\",\"@id\":\"https:\\\/\\\/alt.bmt-becker.de\\\/?page_id=4196#primaryimage\",\"url\":\"https:\\\/\\\/www.bmt-becker.de\\\/wp-content\\\/uploads\\\/2021\\\/09\\\/Badezimmer01-367x367.jpeg\",\"contentUrl\":\"https:\\\/\\\/www.bmt-becker.de\\\/wp-content\\\/uploads\\\/2021\\\/09\\\/Badezimmer01-367x367.jpeg\"},{\"@type\":\"BreadcrumbList\",\"@id\":\"https:\\\/\\\/alt.bmt-becker.de\\\/?page_id=4196#breadcrumb\",\"itemListElement\":[{\"@type\":\"ListItem\",\"position\":1,\"name\":\"Startseite\",\"item\":\"https:\\\/\\\/alt.bmt-becker.de\\\/\"},{\"@type\":\"ListItem\",\"position\":2,\"name\":\"Projekte\"}]},{\"@type\":\"WebSite\",\"@id\":\"https:\\\/\\\/alt.bmt-becker.de\\\/#website\",\"url\":\"https:\\\/\\\/alt.bmt-becker.de\\\/\",\"name\":\"Bau- &amp; M\u00f6beltischlerei Becker\",\"description\":\"Der Tischler wars! Aus Borgenteich\",\"potentialAction\":[{\"@type\":\"SearchAction\",\"target\":{\"@type\":\"EntryPoint\",\"urlTemplate\":\"https:\\\/\\\/alt.bmt-becker.de\\\/?s={search_term_string}\"},\"query-input\":{\"@type\":\"PropertyValueSpecification\",\"valueRequired\":true,\"valueName\":\"search_term_string\"}}],\"inLanguage\":\"de\"}]}<\/script>\n<!-- \/ Yoast SEO plugin. -->","yoast_head_json":{"title":"Projekte - Bau- &amp; M\u00f6beltischlerei Becker","robots":{"index":"index","follow":"follow","max-snippet":"max-snippet:-1","max-image-preview":"max-image-preview:large","max-video-preview":"max-video-preview:-1"},"canonical":"https:\/\/alt.bmt-becker.de\/?page_id=4196","og_locale":"de_DE","og_type":"article","og_title":"Projekte - Bau- &amp; M\u00f6beltischlerei Becker","og_description":"Show All Brands Logos Medias Websites Badezimmer admin2023-01-21T13:05:08+01:00 Badezimmer Websites Zimmert\u00fcren admin2023-01-21T13:05:36+01:00 Zimmert\u00fcren Logos Terrassenb\u00f6den admin2023-01-21T13:06:10+01:00 Terrassenb\u00f6den Brands Fu\u00dfb\u00f6den admin2023-01-21T13:06:49+01:00 Fu\u00dfb\u00f6den Medias Gel\u00e4nder admin2023-01-21T13:07:13+01:00 Gel\u00e4nder Websites Treppen admin2023-01-21T13:07:49+01:00 Treppen Medias Au\u00dfent\u00fcren admin2023-01-21T13:08:24+01:00 Au\u00dfent\u00fcren Websites","og_url":"https:\/\/alt.bmt-becker.de\/?page_id=4196","og_site_name":"Bau- &amp; M\u00f6beltischlerei Becker","article_modified_time":"2023-01-21T12:20:08+00:00","og_image":[{"url":"https:\/\/www.bmt-becker.de\/wp-content\/uploads\/2021\/09\/Badezimmer01-367x367.jpeg","type":"","width":"","height":""}],"twitter_card":"summary_large_image","twitter_misc":{"Gesch\u00e4tzte Lesezeit":"2\u00a0Minuten"},"schema":{"@context":"https:\/\/schema.org","@graph":[{"@type":"WebPage","@id":"https:\/\/alt.bmt-becker.de\/?page_id=4196","url":"https:\/\/alt.bmt-becker.de\/?page_id=4196","name":"Projekte - Bau- &amp; M\u00f6beltischlerei Becker","isPartOf":{"@id":"https:\/\/alt.bmt-becker.de\/#website"},"primaryImageOfPage":{"@id":"https:\/\/alt.bmt-becker.de\/?page_id=4196#primaryimage"},"image":{"@id":"https:\/\/alt.bmt-becker.de\/?page_id=4196#primaryimage"},"thumbnailUrl":"https:\/\/www.bmt-becker.de\/wp-content\/uploads\/2021\/09\/Badezimmer01-367x367.jpeg","datePublished":"2023-01-21T12:09:15+00:00","dateModified":"2023-01-21T12:20:08+00:00","breadcrumb":{"@id":"https:\/\/alt.bmt-becker.de\/?page_id=4196#breadcrumb"},"inLanguage":"de","potentialAction":[{"@type":"ReadAction","target":["https:\/\/alt.bmt-becker.de\/?page_id=4196"]}]},{"@type":"ImageObject","inLanguage":"de","@id":"https:\/\/alt.bmt-becker.de\/?page_id=4196#primaryimage","url":"https:\/\/www.bmt-becker.de\/wp-content\/uploads\/2021\/09\/Badezimmer01-367x367.jpeg","contentUrl":"https:\/\/www.bmt-becker.de\/wp-content\/uploads\/2021\/09\/Badezimmer01-367x367.jpeg"},{"@type":"BreadcrumbList","@id":"https:\/\/alt.bmt-becker.de\/?page_id=4196#breadcrumb","itemListElement":[{"@type":"ListItem","position":1,"name":"Startseite","item":"https:\/\/alt.bmt-becker.de\/"},{"@type":"ListItem","position":2,"name":"Projekte"}]},{"@type":"WebSite","@id":"https:\/\/alt.bmt-becker.de\/#website","url":"https:\/\/alt.bmt-becker.de\/","name":"Bau- &amp; M\u00f6beltischlerei Becker","description":"Der Tischler wars! Aus Borgenteich","potentialAction":[{"@type":"SearchAction","target":{"@type":"EntryPoint","urlTemplate":"https:\/\/alt.bmt-becker.de\/?s={search_term_string}"},"query-input":{"@type":"PropertyValueSpecification","valueRequired":true,"valueName":"search_term_string"}}],"inLanguage":"de"}]}},"_links":{"self":[{"href":"https:\/\/alt.bmt-becker.de\/index.php?rest_route=\/wp\/v2\/pages\/4196","targetHints":{"allow":["GET"]}}],"collection":[{"href":"https:\/\/alt.bmt-becker.de\/index.php?rest_route=\/wp\/v2\/pages"}],"about":[{"href":"https:\/\/alt.bmt-becker.de\/index.php?rest_route=\/wp\/v2\/types\/page"}],"author":[{"embeddable":true,"href":"https:\/\/alt.bmt-becker.de\/index.php?rest_route=\/wp\/v2\/users\/1"}],"replies":[{"embeddable":true,"href":"https:\/\/alt.bmt-becker.de\/index.php?rest_route=%2Fwp%2Fv2%2Fcomments&post=4196"}],"version-history":[{"count":8,"href":"https:\/\/alt.bmt-becker.de\/index.php?rest_route=\/wp\/v2\/pages\/4196\/revisions"}],"predecessor-version":[{"id":4205,"href":"https:\/\/alt.bmt-becker.de\/index.php?rest_route=\/wp\/v2\/pages\/4196\/revisions\/4205"}],"wp:attachment":[{"href":"https:\/\/alt.bmt-becker.de\/index.php?rest_route=%2Fwp%2Fv2%2Fmedia&parent=4196"}],"curies":[{"name":"wp","href":"https:\/\/api.w.org\/{rel}","templated":true}]}}